{"id":413,"date":"2026-01-25T01:30:59","date_gmt":"2026-01-25T05:30:59","guid":{"rendered":"https:\/\/wp273532.wpdns.ca\/gallery\/"},"modified":"2026-03-22T14:38:57","modified_gmt":"2026-03-22T17:38:57","slug":"visitez","status":"publish","type":"page","link":"https:\/\/www.museedekent.ca\/en\/visitez\/","title":{"rendered":"Visit"},"content":{"rendered":"<div class=\"wp-block-group alignfull is-style-ext-preset--group--natural-1--section has-background-background-color has-background has-global-padding is-layout-constrained wp-block-group-is-layout-constrained\" id=\"about\" style=\"margin-top:0;margin-bottom:0;padding-top:var(--wp--preset--spacing--40);padding-bottom:var(--wp--preset--spacing--40)\">\n<div class=\"wp-block-columns alignwide are-vertically-aligned-center is-layout-flex wp-container-core-columns-is-layout-a2938b04 wp-block-columns-is-layout-flex\" style=\"padding-top:0;padding-bottom:0\">\n<div class=\"wp-block-column is-vertically-aligned-center is-layout-flow wp-block-column-is-layout-flow\">\n<figure class=\"wp-block-image size-large is-style-ext-preset--image--natural-1--image-1--content-right is-style-ext-preset--image--natural-1--image-1--content-right--2\"><img loading=\"lazy\" decoding=\"async\" width=\"1024\" height=\"768\" src=\"https:\/\/www.museedekent.ca\/wp-content\/uploads\/IMG_4243-1024x768.jpg\" alt=\"\" class=\"wp-image-565\" srcset=\"https:\/\/www.museedekent.ca\/wp-content\/uploads\/IMG_4243-1024x768.jpg 1024w, https:\/\/www.museedekent.ca\/wp-content\/uploads\/IMG_4243-300x225.jpg 300w, https:\/\/www.museedekent.ca\/wp-content\/uploads\/IMG_4243-768x576.jpg 768w, https:\/\/www.museedekent.ca\/wp-content\/uploads\/IMG_4243-16x12.jpg 16w, https:\/\/www.museedekent.ca\/wp-content\/uploads\/IMG_4243.jpg 1200w\" sizes=\"auto, (max-width: 1024px) 100vw, 1024px\" \/><\/figure>\n<\/div>\n\n\n\n<div class=\"wp-block-column is-vertically-aligned-center is-layout-flow wp-block-column-is-layout-flow\">\n<div class=\"wp-block-group alignwide is-vertical is-layout-flex wp-container-core-group-is-layout-c35747d5 wp-block-group-is-layout-flex\">\n<div class=\"wp-block-group has-global-padding is-layout-constrained wp-container-core-group-is-layout-dd32767c wp-block-group-is-layout-constrained\">\n<h2 class=\"wp-block-heading\">Art and Heritage That Spark Discovery<\/h2>\n\n\n\n<p>Knowledgeable guides invite you on a captivating journey through the history, student life, and architecture of this former house of learning, enlivened by a wealth of \u201cdelightful\u201d anecdotes that reveal its human dimension.<\/p>\n\n\n\n<p>The finely carved chapel will captivate you with its beauty and atmosphere of quiet reverence. You will also discover a series of exhibitions evoking life in earlier times, along with striking works of art\u2014both historic and contemporary\u2014of remarkable expressive power.<\/p>\n<\/div>\n<\/div>\n<\/div>\n<\/div>\n<\/div>\n\n\n\n<div class=\"wp-block-group alignfull is-style-ext-preset--group--natural-1--section has-tertiary-background-color has-background has-global-padding is-layout-constrained wp-container-core-group-is-layout-2ba36671 wp-block-group-is-layout-constrained\" id=\"events\" style=\"margin-top:0;margin-bottom:0;padding-top:var(--wp--preset--spacing--40);padding-bottom:var(--wp--preset--spacing--40)\">\n<div class=\"wp-block-group alignwide is-vertical is-content-justification-left is-layout-flex wp-container-core-group-is-layout-231d3342 wp-block-group-is-layout-flex\">\n<div class=\"wp-block-group has-global-padding is-layout-constrained wp-container-core-group-is-layout-2287c683 wp-block-group-is-layout-constrained\">\n<h2 class=\"wp-block-heading has-text-align-center\">Visit Us<\/h2>\n<\/div>\n<\/div>\n\n\n\n<div class=\"wp-block-columns alignwide is-layout-flex wp-container-core-columns-is-layout-08c01c1c wp-block-columns-is-layout-flex\">\n<div class=\"wp-block-column is-layout-flow wp-block-column-is-layout-flow\">\n<div class=\"wp-block-group is-style-ext-preset--group--natural-1--item-card-1--align-start has-global-padding is-layout-constrained wp-block-group-is-layout-constrained is-style-ext-preset--group--natural-1--item-card-1--align-start--4\">\n<div class=\"wp-block-group is-style-default has-global-padding is-layout-constrained wp-block-group-is-layout-constrained\">\n<div class=\"wp-block-columns is-layout-flex wp-container-core-columns-is-layout-28f84493 wp-block-columns-is-layout-flex\">\n<div class=\"wp-block-column has-background-background-color has-background is-layout-flow wp-block-column-is-layout-flow\" style=\"padding-top:var(--wp--preset--spacing--20);padding-right:var(--wp--preset--spacing--20);padding-bottom:var(--wp--preset--spacing--20);padding-left:var(--wp--preset--spacing--20)\">\n<div class=\"wp-block-columns is-layout-flex wp-container-core-columns-is-layout-28f84493 wp-block-columns-is-layout-flex\">\n<div class=\"wp-block-column is-layout-flow wp-block-column-is-layout-flow\">\n<h2 class=\"wp-block-heading\">Our Location<\/h2>\n\n\n\n<p class=\"has-tertiary-background-color has-background\"><strong>150 Chemin du Couvent<br>Bouctouche, New Brunswick<br>E4S 3C1<\/strong><\/p>\n<\/div>\n<\/div>\n\n\n\n<h2 class=\"wp-block-heading\">Opening Hours<\/h2>\n\n\n\n<p class=\"has-tertiary-background-color has-background\"><strong>Monday to Saturday: 10 AM to 5 PM<br>Sunday: 1 PM to 5 PM<\/strong><br><br>We\u2019re open in July, August, and September, as well as by appointment year-round.<\/p>\n\n\n\n<div data-wp-context=\"{ &quot;autoclose&quot;: false, &quot;accordionItems&quot;: [] }\" data-wp-interactive=\"core\/accordion\" role=\"group\" class=\"wp-block-accordion is-layout-flow wp-block-accordion-is-layout-flow\">\n<div data-wp-class--is-open=\"state.isOpen\" data-wp-context=\"{ &quot;id&quot;: &quot;accordion-item-5&quot;, &quot;openByDefault&quot;: false }\" data-wp-init=\"callbacks.initAccordionItems\" data-wp-on-window--hashchange=\"callbacks.hashChange\" class=\"wp-block-accordion-item is-layout-flow wp-block-accordion-item-is-layout-flow\">\n<h3 class=\"wp-block-accordion-heading has-primary-background-color has-background has-medium-font-size\" style=\"border-top-left-radius:5px;border-top-right-radius:5px;border-bottom-left-radius:5px;border-bottom-right-radius:5px\"><button aria-expanded=\"false\" aria-controls=\"accordion-item-5-panel\" data-wp-bind--aria-expanded=\"state.isOpen\" data-wp-on--click=\"actions.toggle\" data-wp-on--keydown=\"actions.handleKeyDown\" id=\"accordion-item-5\" type=\"button\" class=\"wp-block-accordion-heading__toggle\" style=\"padding-right:var(--wp--preset--spacing--20);padding-left:var(--wp--preset--spacing--20)\"><span class=\"wp-block-accordion-heading__toggle-title\"><strong>Get Directions<\/strong><\/span><span class=\"wp-block-accordion-heading__toggle-icon\" aria-hidden=\"true\">+<\/span><\/button><\/h3>\n\n\n\n<div inert aria-labelledby=\"accordion-item-5\" data-wp-bind--inert=\"!state.isOpen\" id=\"accordion-item-5-panel\" role=\"region\" class=\"wp-block-accordion-panel is-layout-flow wp-block-accordion-panel-is-layout-flow\">\n<p><strong>From Moncton:<br><\/strong>1. 56 km - 39 mins (approx.)<br>2. Heading North from Veterans Hwy \/ Hwy 15 E.<br>3. Take Exit 31B (Highway 11\/Rd 11 direction Miramichi\/Shediac\/Kouchibouguac).<br>4. Take Exit 32A (Bouctouche\/Le Pays de la Sagouine), arriving to a full stop.<br>5. At the stop sign, turn right on Irving Boulevard (Rd 515), direction Rd 475.<br>6. We are located at 150 Chemin du Couvent (on your left).<br><br><strong>From Miramichi:<br><\/strong>1. 101 km - 1 hour 22 mins (approx.)<br>2. From Highway-11 S, drive heading direction Moncton, towards Bouctouche.<br>3. Take Exit 32B-A (Sainte-Marie\/Bouctouche\/Le Pays de la Sagouine), arriving to a full stop.<br>4. At the stop sign, turn left on Irving Boulevard (Rd 515), direction Rd 475.<br>5. We are located at 150 Chemin du Couvent (on your left).<\/p>\n<\/div>\n<\/div>\n\n\n\n<div data-wp-class--is-open=\"state.isOpen\" data-wp-context=\"{ &quot;id&quot;: &quot;accordion-item-6&quot;, &quot;openByDefault&quot;: false }\" data-wp-init=\"callbacks.initAccordionItems\" data-wp-on-window--hashchange=\"callbacks.hashChange\" class=\"wp-block-accordion-item is-layout-flow wp-block-accordion-item-is-layout-flow\">\n<h3 class=\"wp-block-accordion-heading has-primary-background-color has-background has-medium-font-size\" style=\"border-top-left-radius:5px;border-top-right-radius:5px;border-bottom-left-radius:5px;border-bottom-right-radius:5px\"><button aria-expanded=\"false\" aria-controls=\"accordion-item-6-panel\" data-wp-bind--aria-expanded=\"state.isOpen\" data-wp-on--click=\"actions.toggle\" data-wp-on--keydown=\"actions.handleKeyDown\" id=\"accordion-item-6\" type=\"button\" class=\"wp-block-accordion-heading__toggle\" style=\"padding-right:var(--wp--preset--spacing--20);padding-left:var(--wp--preset--spacing--20)\"><span class=\"wp-block-accordion-heading__toggle-title\"><strong>Admission Rates<\/strong><\/span><span class=\"wp-block-accordion-heading__toggle-icon\" aria-hidden=\"true\">+<\/span><\/button><\/h3>\n\n\n\n<div inert aria-labelledby=\"accordion-item-6\" data-wp-bind--inert=\"!state.isOpen\" id=\"accordion-item-6-panel\" role=\"region\" class=\"wp-block-accordion-panel is-layout-flow wp-block-accordion-panel-is-layout-flow\">\n<p>Adult: $4.00<br>Senior: $3.00<br>Student: $2.00<br>Kids: Free (6 years and under)<br><br>We accept debit and credit.<\/p>\n<\/div>\n<\/div>\n<\/div>\n<\/div>\n<\/div>\n<\/div>\n<\/div>\n<\/div>\n\n\n\n<div class=\"wp-block-column is-layout-flow wp-block-column-is-layout-flow\">\n<iframe\n  src=\"https:\/\/maps.google.com\/maps?q=Mus\u00e9e%20De%20Kent&#038;z=13&#038;t=m&#038;output=embed\"\n  width=\"600\"\n  height=\"565\"\n  style=\"border:0;\"\n  loading=\"lazy\"\n  allowfullscreen>\n<\/iframe>\n<\/div>\n<\/div>\n<\/div>\n\n\n\n<div class=\"wp-block-group alignfull is-style-ext-preset--group--natural-1--section has-background-background-color has-background has-global-padding is-layout-constrained wp-container-core-group-is-layout-859af3c3 wp-block-group-is-layout-constrained\" id=\"events\" style=\"margin-top:0;margin-bottom:0;padding-top:var(--wp--preset--spacing--50);padding-bottom:var(--wp--preset--spacing--30)\">\n<div class=\"wp-block-columns alignwide is-layout-flex wp-container-core-columns-is-layout-08c01c1c wp-block-columns-is-layout-flex\">\n<div class=\"wp-block-column is-layout-flow wp-block-column-is-layout-flow\">\n<div class=\"wp-block-group is-style-ext-preset--group--natural-1--item-card-1--align-start has-global-padding is-layout-constrained wp-block-group-is-layout-constrained is-style-ext-preset--group--natural-1--item-card-1--align-start--8\">\n<figure class=\"wp-block-image size-large\"><img loading=\"lazy\" decoding=\"async\" width=\"1024\" height=\"683\" src=\"https:\/\/www.museedekent.ca\/wp-content\/uploads\/IMG_4352-1024x683.jpg\" alt=\"\" class=\"wp-image-577\" style=\"aspect-ratio:4\/3;object-fit:cover\" srcset=\"https:\/\/www.museedekent.ca\/wp-content\/uploads\/IMG_4352-1024x683.jpg 1024w, https:\/\/www.museedekent.ca\/wp-content\/uploads\/IMG_4352-300x200.jpg 300w, https:\/\/www.museedekent.ca\/wp-content\/uploads\/IMG_4352-768x512.jpg 768w, https:\/\/www.museedekent.ca\/wp-content\/uploads\/IMG_4352-18x12.jpg 18w, https:\/\/www.museedekent.ca\/wp-content\/uploads\/IMG_4352.jpg 1200w\" sizes=\"auto, (max-width: 1024px) 100vw, 1024px\" \/><\/figure>\n<\/div>\n<\/div>\n\n\n\n<div class=\"wp-block-column is-layout-flow wp-block-column-is-layout-flow\">\n<div class=\"wp-block-group is-style-ext-preset--group--natural-1--item-card-1--align-start has-global-padding is-layout-constrained wp-block-group-is-layout-constrained is-style-ext-preset--group--natural-1--item-card-1--align-start--9\">\n<figure class=\"wp-block-image size-large\"><img loading=\"lazy\" decoding=\"async\" width=\"1024\" height=\"683\" src=\"https:\/\/www.museedekent.ca\/wp-content\/uploads\/IMG_4329-1024x683.jpg\" alt=\"\" class=\"wp-image-574\" style=\"aspect-ratio:4\/3;object-fit:cover\" srcset=\"https:\/\/www.museedekent.ca\/wp-content\/uploads\/IMG_4329-1024x683.jpg 1024w, https:\/\/www.museedekent.ca\/wp-content\/uploads\/IMG_4329-300x200.jpg 300w, https:\/\/www.museedekent.ca\/wp-content\/uploads\/IMG_4329-768x512.jpg 768w, https:\/\/www.museedekent.ca\/wp-content\/uploads\/IMG_4329-18x12.jpg 18w, https:\/\/www.museedekent.ca\/wp-content\/uploads\/IMG_4329.jpg 1200w\" sizes=\"auto, (max-width: 1024px) 100vw, 1024px\" \/><\/figure>\n<\/div>\n<\/div>\n\n\n\n<div class=\"wp-block-column is-layout-flow wp-block-column-is-layout-flow\">\n<div class=\"wp-block-group is-style-ext-preset--group--natural-1--item-card-1--align-start has-global-padding is-layout-constrained wp-block-group-is-layout-constrained is-style-ext-preset--group--natural-1--item-card-1--align-start--10\">\n<figure class=\"wp-block-image size-large\"><img loading=\"lazy\" decoding=\"async\" width=\"1024\" height=\"683\" src=\"https:\/\/www.museedekent.ca\/wp-content\/uploads\/IMG_4338-1024x683.jpg\" alt=\"\" class=\"wp-image-576\" style=\"aspect-ratio:4\/3;object-fit:cover\" srcset=\"https:\/\/www.museedekent.ca\/wp-content\/uploads\/IMG_4338-1024x683.jpg 1024w, https:\/\/www.museedekent.ca\/wp-content\/uploads\/IMG_4338-300x200.jpg 300w, https:\/\/www.museedekent.ca\/wp-content\/uploads\/IMG_4338-768x512.jpg 768w, https:\/\/www.museedekent.ca\/wp-content\/uploads\/IMG_4338-18x12.jpg 18w, https:\/\/www.museedekent.ca\/wp-content\/uploads\/IMG_4338.jpg 1200w\" sizes=\"auto, (max-width: 1024px) 100vw, 1024px\" \/><\/figure>\n<\/div>\n<\/div>\n<\/div>\n<\/div>\n\n\n\n<div class=\"wp-block-cover alignfull\" id=\"about\"><img loading=\"lazy\" decoding=\"async\" width=\"1024\" height=\"683\" class=\"wp-block-cover__image-background wp-image-581 size-large\" alt=\"\" src=\"https:\/\/www.museedekent.ca\/wp-content\/uploads\/IMG_6675-1024x683.jpg\" data-object-fit=\"cover\" srcset=\"https:\/\/www.museedekent.ca\/wp-content\/uploads\/IMG_6675-1024x683.jpg 1024w, https:\/\/www.museedekent.ca\/wp-content\/uploads\/IMG_6675-300x200.jpg 300w, https:\/\/www.museedekent.ca\/wp-content\/uploads\/IMG_6675-768x512.jpg 768w, https:\/\/www.museedekent.ca\/wp-content\/uploads\/IMG_6675-18x12.jpg 18w, https:\/\/www.museedekent.ca\/wp-content\/uploads\/IMG_6675.jpg 1200w\" sizes=\"auto, (max-width: 1024px) 100vw, 1024px\" \/><span aria-hidden=\"true\" class=\"wp-block-cover__background has-tertiary-background-color has-background-dim-90 has-background-dim\"><\/span><div class=\"wp-block-cover__inner-container is-layout-flow wp-block-cover-is-layout-flow\">\n<div class=\"wp-block-group alignfull is-style-ext-preset--group--natural-1--section has-global-padding is-layout-constrained wp-block-group-is-layout-constrained\" id=\"about\" style=\"margin-top:0;margin-bottom:0;padding-top:var(--wp--preset--spacing--40);padding-bottom:var(--wp--preset--spacing--40)\">\n<h2 class=\"wp-block-heading\">Frequently Asked Questions<\/h2>\n\n\n\n<div data-wp-context=\"{ &quot;autoclose&quot;: false, &quot;accordionItems&quot;: [] }\" data-wp-interactive=\"core\/accordion\" role=\"group\" class=\"wp-block-accordion is-layout-flow wp-block-accordion-is-layout-flow\">\n<div data-wp-class--is-open=\"state.isOpen\" data-wp-context=\"{ &quot;id&quot;: &quot;accordion-item-12&quot;, &quot;openByDefault&quot;: false }\" data-wp-init=\"callbacks.initAccordionItems\" data-wp-on-window--hashchange=\"callbacks.hashChange\" class=\"wp-block-accordion-item is-layout-flow wp-block-accordion-item-is-layout-flow\">\n<h3 class=\"wp-block-accordion-heading has-background-color has-primary-background-color has-text-color has-background has-link-color wp-elements-b4d74106705e018edc5f387620657278\" style=\"border-top-left-radius:5px;border-top-right-radius:5px;border-bottom-left-radius:5px;border-bottom-right-radius:5px;font-size:clamp(1.198rem, 1.198rem + ((1vw - 0.2rem) * 1.17), 1.9rem);\"><button aria-expanded=\"false\" aria-controls=\"accordion-item-12-panel\" data-wp-bind--aria-expanded=\"state.isOpen\" data-wp-on--click=\"actions.toggle\" data-wp-on--keydown=\"actions.handleKeyDown\" id=\"accordion-item-12\" type=\"button\" class=\"wp-block-accordion-heading__toggle\" style=\"padding-top:var(--wp--preset--spacing--20);padding-right:var(--wp--preset--spacing--20);padding-bottom:var(--wp--preset--spacing--20);padding-left:var(--wp--preset--spacing--20)\"><span class=\"wp-block-accordion-heading__toggle-title\">Are you open year-round?<\/span><span class=\"wp-block-accordion-heading__toggle-icon\" aria-hidden=\"true\">+<\/span><\/button><\/h3>\n\n\n\n<div inert aria-labelledby=\"accordion-item-12\" data-wp-bind--inert=\"!state.isOpen\" id=\"accordion-item-12-panel\" role=\"region\" class=\"wp-block-accordion-panel is-layout-flow wp-block-accordion-panel-is-layout-flow\">\n<p>We\u2019re open in July, August, and September, as well as by appointment year-round.<\/p>\n<\/div>\n<\/div>\n\n\n\n<div data-wp-class--is-open=\"state.isOpen\" data-wp-context=\"{ &quot;id&quot;: &quot;accordion-item-13&quot;, &quot;openByDefault&quot;: false }\" data-wp-init=\"callbacks.initAccordionItems\" data-wp-on-window--hashchange=\"callbacks.hashChange\" class=\"wp-block-accordion-item is-layout-flow wp-block-accordion-item-is-layout-flow\">\n<h3 class=\"wp-block-accordion-heading has-background-color has-primary-background-color has-text-color has-background has-link-color wp-elements-6b92fbecc4027d03deacc33979269855\" style=\"border-top-left-radius:5px;border-top-right-radius:5px;border-bottom-left-radius:5px;border-bottom-right-radius:5px;font-size:clamp(1.198rem, 1.198rem + ((1vw - 0.2rem) * 1.17), 1.9rem);\"><button aria-expanded=\"false\" aria-controls=\"accordion-item-13-panel\" data-wp-bind--aria-expanded=\"state.isOpen\" data-wp-on--click=\"actions.toggle\" data-wp-on--keydown=\"actions.handleKeyDown\" id=\"accordion-item-13\" type=\"button\" class=\"wp-block-accordion-heading__toggle\" style=\"padding-top:var(--wp--preset--spacing--20);padding-right:var(--wp--preset--spacing--20);padding-bottom:var(--wp--preset--spacing--20);padding-left:var(--wp--preset--spacing--20)\"><span class=\"wp-block-accordion-heading__toggle-title\">How long does a typical visit take?<\/span><span class=\"wp-block-accordion-heading__toggle-icon\" aria-hidden=\"true\">+<\/span><\/button><\/h3>\n\n\n\n<div inert aria-labelledby=\"accordion-item-13\" data-wp-bind--inert=\"!state.isOpen\" id=\"accordion-item-13-panel\" role=\"region\" class=\"wp-block-accordion-panel is-layout-flow wp-block-accordion-panel-is-layout-flow\">\n<p>A guided tour normally takes 30-45 minutes.<\/p>\n<\/div>\n<\/div>\n\n\n\n<div data-wp-class--is-open=\"state.isOpen\" data-wp-context=\"{ &quot;id&quot;: &quot;accordion-item-14&quot;, &quot;openByDefault&quot;: false }\" data-wp-init=\"callbacks.initAccordionItems\" data-wp-on-window--hashchange=\"callbacks.hashChange\" class=\"wp-block-accordion-item is-layout-flow wp-block-accordion-item-is-layout-flow\">\n<h3 class=\"wp-block-accordion-heading has-background-color has-primary-background-color has-text-color has-background has-link-color wp-elements-1ded39ad01f796c63a414b86b22794cc\" style=\"border-top-left-radius:5px;border-top-right-radius:5px;border-bottom-left-radius:5px;border-bottom-right-radius:5px;font-size:clamp(1.198rem, 1.198rem + ((1vw - 0.2rem) * 1.17), 1.9rem);\"><button aria-expanded=\"false\" aria-controls=\"accordion-item-14-panel\" data-wp-bind--aria-expanded=\"state.isOpen\" data-wp-on--click=\"actions.toggle\" data-wp-on--keydown=\"actions.handleKeyDown\" id=\"accordion-item-14\" type=\"button\" class=\"wp-block-accordion-heading__toggle\" style=\"padding-top:var(--wp--preset--spacing--20);padding-right:var(--wp--preset--spacing--20);padding-bottom:var(--wp--preset--spacing--20);padding-left:var(--wp--preset--spacing--20)\"><span class=\"wp-block-accordion-heading__toggle-title\">Is there a gift shop?<\/span><span class=\"wp-block-accordion-heading__toggle-icon\" aria-hidden=\"true\">+<\/span><\/button><\/h3>\n\n\n\n<div inert aria-labelledby=\"accordion-item-14\" data-wp-bind--inert=\"!state.isOpen\" id=\"accordion-item-14-panel\" role=\"region\" class=\"wp-block-accordion-panel is-layout-flow wp-block-accordion-panel-is-layout-flow\">\n<p>Yes, we have a gift shop where you can find souvenirs and local products.<\/p>\n<\/div>\n<\/div>\n\n\n\n<div data-wp-class--is-open=\"state.isOpen\" data-wp-context=\"{ &quot;id&quot;: &quot;accordion-item-15&quot;, &quot;openByDefault&quot;: false }\" data-wp-init=\"callbacks.initAccordionItems\" data-wp-on-window--hashchange=\"callbacks.hashChange\" class=\"wp-block-accordion-item is-layout-flow wp-block-accordion-item-is-layout-flow\">\n<h3 class=\"wp-block-accordion-heading has-background-color has-primary-background-color has-text-color has-background has-link-color wp-elements-453def644738a3b8d8fef8f539621d51\" style=\"border-top-left-radius:5px;border-top-right-radius:5px;border-bottom-left-radius:5px;border-bottom-right-radius:5px;font-size:clamp(1.198rem, 1.198rem + ((1vw - 0.2rem) * 1.17), 1.9rem);\"><button aria-expanded=\"false\" aria-controls=\"accordion-item-15-panel\" data-wp-bind--aria-expanded=\"state.isOpen\" data-wp-on--click=\"actions.toggle\" data-wp-on--keydown=\"actions.handleKeyDown\" id=\"accordion-item-15\" type=\"button\" class=\"wp-block-accordion-heading__toggle\" style=\"padding-top:var(--wp--preset--spacing--20);padding-right:var(--wp--preset--spacing--20);padding-bottom:var(--wp--preset--spacing--20);padding-left:var(--wp--preset--spacing--20)\"><span class=\"wp-block-accordion-heading__toggle-title\">Is photography permitted?<\/span><span class=\"wp-block-accordion-heading__toggle-icon\" aria-hidden=\"true\">+<\/span><\/button><\/h3>\n\n\n\n<div inert aria-labelledby=\"accordion-item-15\" data-wp-bind--inert=\"!state.isOpen\" id=\"accordion-item-15-panel\" role=\"region\" class=\"wp-block-accordion-panel is-layout-flow wp-block-accordion-panel-is-layout-flow\">\n<p>Yes, visitors are welcome to photograph the exhibitions and architecture for personal purposes.<\/p>\n<\/div>\n<\/div>\n\n\n\n<div data-wp-class--is-open=\"state.isOpen\" data-wp-context=\"{ &quot;id&quot;: &quot;accordion-item-16&quot;, &quot;openByDefault&quot;: false }\" data-wp-init=\"callbacks.initAccordionItems\" data-wp-on-window--hashchange=\"callbacks.hashChange\" class=\"wp-block-accordion-item is-layout-flow wp-block-accordion-item-is-layout-flow\">\n<h3 class=\"wp-block-accordion-heading has-background-color has-primary-background-color has-text-color has-background has-link-color wp-elements-abfb3dbb00fbdd3e955ce5e4cd590558\" style=\"border-top-left-radius:5px;border-top-right-radius:5px;border-bottom-left-radius:5px;border-bottom-right-radius:5px;font-size:clamp(1.198rem, 1.198rem + ((1vw - 0.2rem) * 1.17), 1.9rem);\"><button aria-expanded=\"false\" aria-controls=\"accordion-item-16-panel\" data-wp-bind--aria-expanded=\"state.isOpen\" data-wp-on--click=\"actions.toggle\" data-wp-on--keydown=\"actions.handleKeyDown\" id=\"accordion-item-16\" type=\"button\" class=\"wp-block-accordion-heading__toggle\" style=\"padding-top:var(--wp--preset--spacing--20);padding-right:var(--wp--preset--spacing--20);padding-bottom:var(--wp--preset--spacing--20);padding-left:var(--wp--preset--spacing--20)\"><span class=\"wp-block-accordion-heading__toggle-title\">Do you offer school or group visits?<\/span><span class=\"wp-block-accordion-heading__toggle-icon\" aria-hidden=\"true\">+<\/span><\/button><\/h3>\n\n\n\n<div inert aria-labelledby=\"accordion-item-16\" data-wp-bind--inert=\"!state.isOpen\" id=\"accordion-item-16-panel\" role=\"region\" class=\"wp-block-accordion-panel is-layout-flow wp-block-accordion-panel-is-layout-flow\">\n<p>Yes, we welcome educational groups and offer guided tours tailored to students. Please contact us to arrange a visit and discuss programming options.<\/p>\n<\/div>\n<\/div>\n<\/div>\n<\/div>\n<\/div><\/div>","protected":false},"excerpt":{"rendered":"<p>L&rsquo;art et le patrimoine qui inspirent la d\u00e9couverte Des guides chevronn\u00e9s vous invitent \u00e0 une immersion captivante au c\u0153ur de l\u2019histoire, de la vie estudiantine et de l\u2019architecture de cette ancienne maison d\u2019\u00e9ducation, ponctu\u00e9e de savoureuses anecdotes qui en r\u00e9v\u00e8lent toute l\u2019humanit\u00e9. La chapelle finement sculpt\u00e9e ne manquera pas de vous charmer par sa beaut\u00e9 [&hellip;]<\/p>\n","protected":false},"author":1,"featured_media":0,"parent":0,"menu_order":0,"comment_status":"closed","ping_status":"closed","template":"page-with-title","meta":{"footnotes":""},"class_list":["post-413","page","type-page","status-publish","hentry"],"aioseo_notices":[],"_links":{"self":[{"href":"https:\/\/www.museedekent.ca\/en\/wp-json\/wp\/v2\/pages\/413","targetHints":{"allow":["GET"]}}],"collection":[{"href":"https:\/\/www.museedekent.ca\/en\/wp-json\/wp\/v2\/pages"}],"about":[{"href":"https:\/\/www.museedekent.ca\/en\/wp-json\/wp\/v2\/types\/page"}],"author":[{"embeddable":true,"href":"https:\/\/www.museedekent.ca\/en\/wp-json\/wp\/v2\/users\/1"}],"replies":[{"embeddable":true,"href":"https:\/\/www.museedekent.ca\/en\/wp-json\/wp\/v2\/comments?post=413"}],"version-history":[{"count":101,"href":"https:\/\/www.museedekent.ca\/en\/wp-json\/wp\/v2\/pages\/413\/revisions"}],"predecessor-version":[{"id":1213,"href":"https:\/\/www.museedekent.ca\/en\/wp-json\/wp\/v2\/pages\/413\/revisions\/1213"}],"wp:attachment":[{"href":"https:\/\/www.museedekent.ca\/en\/wp-json\/wp\/v2\/media?parent=413"}],"curies":[{"name":"wp","href":"https:\/\/api.w.org\/{rel}","templated":true}]}}