{"id":414,"date":"2026-01-25T01:31:00","date_gmt":"2026-01-25T05:31:00","guid":{"rendered":"https:\/\/wp273532.wpdns.ca\/resources\/"},"modified":"2026-03-19T20:29:11","modified_gmt":"2026-03-19T23:29:11","slug":"expositions","status":"publish","type":"page","link":"https:\/\/www.museedekent.ca\/en\/expositions\/","title":{"rendered":"Exhibits"},"content":{"rendered":"<div class=\"wp-block-group alignfull is-style-ext-preset--group--natural-1--section has-background-background-color has-background has-global-padding is-layout-constrained wp-container-core-group-is-layout-f2e6ee7e wp-block-group-is-layout-constrained\" id=\"resources\" style=\"margin-top:0;margin-bottom:0;padding-top:var(--wp--preset--spacing--30);padding-bottom:var(--wp--preset--spacing--30)\">\n<div class=\"wp-block-group alignwide is-vertical is-content-justification-center is-layout-flex wp-container-core-group-is-layout-b85353c2 wp-block-group-is-layout-flex\">\n<div class=\"wp-block-group has-global-padding is-layout-constrained wp-block-group-is-layout-constrained\">\n<div class=\"wp-block-media-text is-stacked-on-mobile is-image-fill-element is-style-ext-preset--media-text--natural-1--card-1 is-style-ext-preset--media-text--natural-1--card-1--2\" style=\"margin-top:var(--wp--preset--spacing--20);margin-bottom:var(--wp--preset--spacing--20);padding-top:0;padding-bottom:0;grid-template-columns:40% auto\"><figure class=\"wp-block-media-text__media\"><img loading=\"lazy\" decoding=\"async\" width=\"683\" height=\"1024\" src=\"https:\/\/www.museedekent.ca\/wp-content\/uploads\/IMG_4346-683x1024.jpg\" alt=\"\" class=\"wp-image-604 size-large\" style=\"object-position:50% 50%\" srcset=\"https:\/\/www.museedekent.ca\/wp-content\/uploads\/IMG_4346-683x1024.jpg 683w, https:\/\/www.museedekent.ca\/wp-content\/uploads\/IMG_4346-200x300.jpg 200w, https:\/\/www.museedekent.ca\/wp-content\/uploads\/IMG_4346-768x1152.jpg 768w, https:\/\/www.museedekent.ca\/wp-content\/uploads\/IMG_4346-8x12.jpg 8w, https:\/\/www.museedekent.ca\/wp-content\/uploads\/IMG_4346.jpg 800w\" sizes=\"auto, (max-width: 683px) 100vw, 683px\" \/><\/figure><div class=\"wp-block-media-text__content\">\n<p class=\"has-small-font-size\" style=\"padding-top:0;padding-right:var(--wp--preset--spacing--30);padding-bottom:0;padding-left:var(--wp--preset--spacing--30)\">The building, its furnishings, and its d\u00e9cor immerse visitors in the authentic atmosphere of a 19th-century boarding school. Every space reflects the memory of the site: objects, archives, and portraits eloquently testify to the monumental contribution of visionary religious women\u2014true pioneers of education\u2014who shaped generations of young students.<\/p>\n<\/div><\/div>\n\n\n\n<div class=\"wp-block-media-text has-media-on-the-right is-stacked-on-mobile is-image-fill-element is-style-ext-preset--media-text--natural-1--card-1 is-style-ext-preset--media-text--natural-1--card-1--3\" style=\"margin-top:var(--wp--preset--spacing--40);margin-bottom:var(--wp--preset--spacing--40);grid-template-columns:auto 40%\"><div class=\"wp-block-media-text__content\">\n<p class=\"has-small-font-size\" style=\"padding-top:0;padding-right:var(--wp--preset--spacing--30);padding-bottom:0;padding-left:var(--wp--preset--spacing--30)\">The permanent collection brings together a remarkable array of antique objects, often rare and unusual, sparking genuine curiosity among visitors of all ages. Among them, the\u00a0mud digger, an imposing machine from another era, amazes and fascinates with its size and ingenuity.<\/p>\n<\/div><figure class=\"wp-block-media-text__media\"><img loading=\"lazy\" decoding=\"async\" width=\"768\" height=\"1024\" src=\"https:\/\/www.museedekent.ca\/wp-content\/uploads\/IMG_4217-768x1024.jpg\" alt=\"\" class=\"wp-image-597 size-large\" style=\"object-position:6% 94%\" srcset=\"https:\/\/www.museedekent.ca\/wp-content\/uploads\/IMG_4217-768x1024.jpg 768w, https:\/\/www.museedekent.ca\/wp-content\/uploads\/IMG_4217-225x300.jpg 225w, https:\/\/www.museedekent.ca\/wp-content\/uploads\/IMG_4217-9x12.jpg 9w, https:\/\/www.museedekent.ca\/wp-content\/uploads\/IMG_4217.jpg 900w\" sizes=\"auto, (max-width: 768px) 100vw, 768px\" \/><\/figure><\/div>\n\n\n\n<div class=\"wp-block-media-text is-stacked-on-mobile is-image-fill-element is-style-ext-preset--media-text--natural-1--card-1 is-style-ext-preset--media-text--natural-1--card-1--4\" style=\"grid-template-columns:40% auto\"><figure class=\"wp-block-media-text__media\"><img loading=\"lazy\" decoding=\"async\" width=\"1024\" height=\"768\" src=\"https:\/\/www.museedekent.ca\/wp-content\/uploads\/IMG_4103-1024x768.jpg\" alt=\"\" class=\"wp-image-548 size-large\" style=\"object-position:56% 49%\" srcset=\"https:\/\/www.museedekent.ca\/wp-content\/uploads\/IMG_4103-1024x768.jpg 1024w, https:\/\/www.museedekent.ca\/wp-content\/uploads\/IMG_4103-300x225.jpg 300w, https:\/\/www.museedekent.ca\/wp-content\/uploads\/IMG_4103-768x576.jpg 768w, https:\/\/www.museedekent.ca\/wp-content\/uploads\/IMG_4103-16x12.jpg 16w, https:\/\/www.museedekent.ca\/wp-content\/uploads\/IMG_4103.jpg 1200w\" sizes=\"auto, (max-width: 1024px) 100vw, 1024px\" \/><\/figure><div class=\"wp-block-media-text__content\">\n<p class=\"has-small-font-size\" style=\"padding-top:0;padding-right:var(--wp--preset--spacing--30);padding-bottom:0;padding-left:var(--wp--preset--spacing--30)\">The museum also highlights a rich regional artistic heritage. Visitors can admire paintings by Agn\u00e8s Berchmans, n\u00e9e Landry of Sainte-Marie, a student of Italian artist Alphonso Simi in the early 20th century, as well as works by Jeanne L\u00e9ger and \u00c9douard Gautreau, artists from the region. <br><\/p>\n\n\n\n<p class=\"has-small-font-size\" style=\"padding-top:0;padding-right:var(--wp--preset--spacing--30);padding-bottom:0;padding-left:var(--wp--preset--spacing--30)\">The Claudette and Maurice Cormier Collection, comprising more than one thousand works by Acadian artists\u2014both professional and amateur\u2014supports the presentation of varied and continually renewed thematic exhibitions.<\/p>\n<\/div><\/div>\n\n\n\n<div class=\"wp-block-media-text has-media-on-the-right is-stacked-on-mobile is-image-fill-element is-style-ext-preset--media-text--natural-1--card-1 is-style-ext-preset--media-text--natural-1--card-1--5\" style=\"margin-top:var(--wp--preset--spacing--40);margin-bottom:var(--wp--preset--spacing--40);grid-template-columns:auto 40%\"><div class=\"wp-block-media-text__content\">\n<p class=\"has-small-font-size\" style=\"padding-top:0;padding-right:var(--wp--preset--spacing--30);padding-bottom:0;padding-left:var(--wp--preset--spacing--30)\">Recent oil paintings by Andr\u00e9 LeBlanc, an Acadian artist from Longueuil, offer a compelling visual narrative of Acadian history, rendered with striking imagery and remarkable historical accuracy. Also a sculptor, LeBlanc pays tribute through his works to the essential assistance provided by the Mi\u2019kmaq to Acadian deportees.<\/p>\n<\/div><figure class=\"wp-block-media-text__media\"><img loading=\"lazy\" decoding=\"async\" width=\"1024\" height=\"768\" src=\"https:\/\/www.museedekent.ca\/wp-content\/uploads\/IMG_4195-1024x768.jpg\" alt=\"\" class=\"wp-image-559 size-large\" style=\"object-position:50% 50%\" srcset=\"https:\/\/www.museedekent.ca\/wp-content\/uploads\/IMG_4195-1024x768.jpg 1024w, https:\/\/www.museedekent.ca\/wp-content\/uploads\/IMG_4195-300x225.jpg 300w, https:\/\/www.museedekent.ca\/wp-content\/uploads\/IMG_4195-768x576.jpg 768w, https:\/\/www.museedekent.ca\/wp-content\/uploads\/IMG_4195-16x12.jpg 16w, https:\/\/www.museedekent.ca\/wp-content\/uploads\/IMG_4195.jpg 1200w\" sizes=\"auto, (max-width: 1024px) 100vw, 1024px\" \/><\/figure><\/div>\n\n\n\n<div class=\"wp-block-media-text is-stacked-on-mobile is-image-fill-element is-style-ext-preset--media-text--natural-1--card-1 is-style-ext-preset--media-text--natural-1--card-1--6\" style=\"grid-template-columns:40% auto\"><figure class=\"wp-block-media-text__media\"><img loading=\"lazy\" decoding=\"async\" width=\"1024\" height=\"768\" src=\"https:\/\/www.museedekent.ca\/wp-content\/uploads\/IMG_4128-1024x768.jpg\" alt=\"\" class=\"wp-image-551 size-large\" style=\"object-position:50% 50%\" srcset=\"https:\/\/www.museedekent.ca\/wp-content\/uploads\/IMG_4128-1024x768.jpg 1024w, https:\/\/www.museedekent.ca\/wp-content\/uploads\/IMG_4128-300x225.jpg 300w, https:\/\/www.museedekent.ca\/wp-content\/uploads\/IMG_4128-768x576.jpg 768w, https:\/\/www.museedekent.ca\/wp-content\/uploads\/IMG_4128-16x12.jpg 16w, https:\/\/www.museedekent.ca\/wp-content\/uploads\/IMG_4128.jpg 1200w\" sizes=\"auto, (max-width: 1024px) 100vw, 1024px\" \/><\/figure><div class=\"wp-block-media-text__content\">\n<p class=\"has-small-font-size\" style=\"padding-top:0;padding-right:var(--wp--preset--spacing--30);padding-bottom:0;padding-left:var(--wp--preset--spacing--30)\">Among the major exhibitions is one dedicated to the great educator Marguerite Maillet, a former student of the convent, whose legacy continues to inspire.<\/p>\n<\/div><\/div>\n\n\n\n<div class=\"wp-block-media-text has-media-on-the-right is-stacked-on-mobile is-image-fill-element is-style-ext-preset--media-text--natural-1--card-1 is-style-ext-preset--media-text--natural-1--card-1--7\" style=\"margin-top:var(--wp--preset--spacing--40);margin-bottom:var(--wp--preset--spacing--40);grid-template-columns:auto 40%\"><div class=\"wp-block-media-text__content\">\n<p class=\"has-small-font-size\" style=\"padding-top:0;padding-right:var(--wp--preset--spacing--30);padding-bottom:0;padding-left:var(--wp--preset--spacing--30)\">Une maquette du&nbsp;Pays de la Sagouine, r\u00e9alis\u00e9e en France, suscite l\u2019admiration des visiteurs de tous \u00e2ges.<\/p>\n\n\n\n<p class=\"has-small-font-size\" style=\"padding-top:0;padding-right:var(--wp--preset--spacing--30);padding-bottom:0;padding-left:var(--wp--preset--spacing--30)\">And this is only a glimpse. The museum invites you to an engaging immersion into history, art, and collective memory\u2014an essential visit that is sure to both inform and move you.<\/p>\n<\/div><figure class=\"wp-block-media-text__media\"><img loading=\"lazy\" decoding=\"async\" width=\"768\" height=\"1024\" src=\"https:\/\/www.museedekent.ca\/wp-content\/uploads\/IMG_4141-768x1024.jpg\" alt=\"\" class=\"wp-image-588 size-large\" style=\"object-position:50% 50%\" srcset=\"https:\/\/www.museedekent.ca\/wp-content\/uploads\/IMG_4141-768x1024.jpg 768w, https:\/\/www.museedekent.ca\/wp-content\/uploads\/IMG_4141-225x300.jpg 225w, https:\/\/www.museedekent.ca\/wp-content\/uploads\/IMG_4141-9x12.jpg 9w, https:\/\/www.museedekent.ca\/wp-content\/uploads\/IMG_4141.jpg 900w\" sizes=\"auto, (max-width: 768px) 100vw, 768px\" \/><\/figure><\/div>\n<\/div>\n<\/div>\n<\/div>","protected":false},"excerpt":{"rendered":"<p>L\u2019immeuble, son ameublement et son d\u00e9cor plongent le visiteur dans l\u2019atmosph\u00e8re authentique d\u2019un pensionnat du XIX\u1d49 si\u00e8cle. Chaque espace respire la m\u00e9moire du lieu : objets, archives et portraits t\u00e9moignent avec \u00e9loquence de l\u2019apport colossal de femmes religieuses visionnaires, v\u00e9ritables pionni\u00e8res de l\u2019\u00e9ducation, qui ont marqu\u00e9 des g\u00e9n\u00e9rations de jeunes \u00e9l\u00e8ves. La collection permanente rassemble [&hellip;]<\/p>\n","protected":false},"author":1,"featured_media":0,"parent":0,"menu_order":0,"comment_status":"closed","ping_status":"closed","template":"page-with-title","meta":{"footnotes":""},"class_list":["post-414","page","type-page","status-publish","hentry"],"aioseo_notices":[],"_links":{"self":[{"href":"https:\/\/www.museedekent.ca\/en\/wp-json\/wp\/v2\/pages\/414","targetHints":{"allow":["GET"]}}],"collection":[{"href":"https:\/\/www.museedekent.ca\/en\/wp-json\/wp\/v2\/pages"}],"about":[{"href":"https:\/\/www.museedekent.ca\/en\/wp-json\/wp\/v2\/types\/page"}],"author":[{"embeddable":true,"href":"https:\/\/www.museedekent.ca\/en\/wp-json\/wp\/v2\/users\/1"}],"replies":[{"embeddable":true,"href":"https:\/\/www.museedekent.ca\/en\/wp-json\/wp\/v2\/comments?post=414"}],"version-history":[{"count":9,"href":"https:\/\/www.museedekent.ca\/en\/wp-json\/wp\/v2\/pages\/414\/revisions"}],"predecessor-version":[{"id":945,"href":"https:\/\/www.museedekent.ca\/en\/wp-json\/wp\/v2\/pages\/414\/revisions\/945"}],"wp:attachment":[{"href":"https:\/\/www.museedekent.ca\/en\/wp-json\/wp\/v2\/media?parent=414"}],"curies":[{"name":"wp","href":"https:\/\/api.w.org\/{rel}","templated":true}]}}