{"id":415,"date":"2026-01-25T01:31:01","date_gmt":"2026-01-25T05:31:01","guid":{"rendered":"https:\/\/wp273532.wpdns.ca\/home-2\/"},"modified":"2026-03-20T03:22:04","modified_gmt":"2026-03-20T06:22:04","slug":"home-2","status":"publish","type":"page","link":"https:\/\/www.museedekent.ca\/en\/","title":{"rendered":"Accueil"},"content":{"rendered":"\n<div class=\"wp-block-group alignfull is-style-ext-preset--group--natural-1--section has-background-background-color has-background has-global-padding is-layout-constrained wp-container-core-group-is-layout-e96f6837 wp-block-group-is-layout-constrained\" style=\"margin-top:0;margin-bottom:0;padding-top:0;padding-right:0;padding-bottom:0;padding-left:0\">\n<div class=\"wp-block-cover alignfull is-style-ext-preset--cover--natural-1--cover-overlay-1 is-style-ext-preset--cover--natural-1--cover-overlay-1--2\" style=\"border-top-style:none;border-top-width:0px;border-right-style:none;border-right-width:0px;border-bottom-color:var(--wp--preset--color--primary);border-bottom-width:5px;border-left-style:none;border-left-width:0px;padding-top:var(--wp--preset--spacing--50);padding-right:var(--wp--preset--spacing--50);padding-bottom:var(--wp--preset--spacing--50);padding-left:var(--wp--preset--spacing--50);min-height:60px;aspect-ratio:unset;\"><img loading=\"lazy\" decoding=\"async\" width=\"1200\" height=\"900\" class=\"wp-block-cover__image-background wp-image-553 size-full\" alt=\"\" src=\"https:\/\/www.museedekent.ca\/wp-content\/uploads\/IMG_4161.jpg\" style=\"object-position:50% 100%\" data-object-fit=\"cover\" data-object-position=\"50% 100%\" srcset=\"https:\/\/www.museedekent.ca\/wp-content\/uploads\/IMG_4161.jpg 1200w, https:\/\/www.museedekent.ca\/wp-content\/uploads\/IMG_4161-300x225.jpg 300w, https:\/\/www.museedekent.ca\/wp-content\/uploads\/IMG_4161-1024x768.jpg 1024w, https:\/\/www.museedekent.ca\/wp-content\/uploads\/IMG_4161-768x576.jpg 768w, https:\/\/www.museedekent.ca\/wp-content\/uploads\/IMG_4161-16x12.jpg 16w\" sizes=\"auto, (max-width: 1200px) 100vw, 1200px\" \/><span aria-hidden=\"true\" class=\"wp-block-cover__background has-background-dim-70 has-background-dim\" style=\"background-color:#010101\"><\/span><div class=\"wp-block-cover__inner-container has-global-padding is-layout-constrained wp-container-core-cover-is-layout-f611be13 wp-block-cover-is-layout-constrained\">\n<div class=\"wp-block-group alignwide is-vertical is-layout-flex wp-container-core-group-is-layout-c35747d5 wp-block-group-is-layout-flex\">\n<div class=\"wp-block-group has-global-padding is-layout-constrained wp-container-core-group-is-layout-2287c683 wp-block-group-is-layout-constrained\">\n<h2 class=\"wp-block-heading has-text-align-left has-text-color has-link-color wp-elements-0a7f496e0b6ae9d8786cb31acf9665b7\" style=\"color:#fefefe\">D\u00e9couvrez Notre Patrimoine<\/h2>\n\n\n\n<p class=\"has-text-align-left has-text-color has-link-color wp-elements-9e0ab4089d95dd2607e14e964dd7a1ad\" style=\"color:#fefefe\">Le Mus\u00e9e de Kent vous invite \u00e0 explorer une collection dynamique d&rsquo;\u0153uvres d&rsquo;art, d&rsquo;expositions culturelles et d&rsquo;artefacts qui c\u00e9l\u00e8brent le patrimoine unique et la cr\u00e9ativit\u00e9 de la r\u00e9gion.<\/p>\n<\/div>\n\n\n\n<div class=\"wp-block-buttons is-layout-flex wp-block-buttons-is-layout-flex\">\n<div class=\"wp-block-button is-style-ext-preset--button--natural-1--button-1 is-style-ext-preset--button--natural-1--button-1--3\"><a class=\"wp-block-button__link has-text-color has-background has-link-color wp-element-button\" href=\"https:\/\/museedekent.ca\/expositions\/\" style=\"color:#060606;background-color:#fefefe\">En savoir plus<\/a><\/div>\n<\/div>\n<\/div>\n<\/div><\/div>\n<\/div>\n\n\n\n<div class=\"wp-block-columns alignwide is-style-ext-preset--media-text--natural-1--card-1 has-background-background-color has-background is-layout-flex wp-container-core-columns-is-layout-da486eb2 wp-block-columns-is-layout-flex\" style=\"margin-top:var(--wp--preset--spacing--30);margin-bottom:var(--wp--preset--spacing--30);padding-right:0;padding-left:0\">\n<div class=\"wp-block-column is-layout-flow wp-block-column-is-layout-flow\" style=\"padding-right:var(--wp--preset--spacing--30);padding-left:0;flex-basis:50%\">\n\n\n<iframe width=\"100%\" height=\"315\"\nsrc=\"https:\/\/www.youtube.com\/embed\/brqt_GlbA30?rel=0\"\ntitle=\"YouTube video player English\"\nframeborder=\"0\"\nallow=\"accelerometer; autoplay; clipboard-write; encrypted-media; gyroscope; picture-in-picture\"\nallowfullscreen>\n<\/iframe>\n<\/div>\n\n\n\n<div class=\"wp-block-column is-layout-flow wp-block-column-is-layout-flow\" style=\"flex-basis:50%\">\n<div class=\"wp-block-group alignwide is-vertical is-layout-flex wp-container-core-group-is-layout-ec8da7d2 wp-block-group-is-layout-flex\" style=\"padding-top:0;padding-bottom:0\">\n<div class=\"wp-block-group has-global-padding is-layout-constrained wp-container-core-group-is-layout-812d5580 wp-block-group-is-layout-constrained\" style=\"padding-top:0;padding-right:0;padding-bottom:0;padding-left:0\">\n<h2 class=\"wp-block-heading\">T\u00e9moignage du patrimoine acadien<\/h2>\n\n\n\n<p>Plongez-vous dans la riche histoire et la remarquable beaut\u00e9 de cet ancien couvent, o\u00f9 des visites guid\u00e9es donnent vie aux histoires de ceux qui ont appris et enseign\u00e9 au sein de ces murs historiques.<\/p>\n<\/div>\n\n\n\n<div class=\"wp-block-buttons is-layout-flex wp-block-buttons-is-layout-flex\">\n<div class=\"wp-block-button is-style-ext-preset--button--natural-1--button-1 is-style-ext-preset--button--natural-1--button-1--4\"><a class=\"wp-block-button__link wp-element-button\" href=\"https:\/\/museedekent.ca\/visitez\/\">Planifier une visite<\/a><\/div>\n<\/div>\n<\/div>\n<\/div>\n<\/div>\n\n\n\n<div class=\"wp-block-group alignfull is-style-ext-preset--group--natural-1--section has-tertiary-background-color has-background has-global-padding is-layout-constrained wp-block-group-is-layout-constrained\" id=\"about\" style=\"margin-top:0;margin-bottom:0;padding-top:var(--wp--preset--spacing--40);padding-bottom:var(--wp--preset--spacing--40)\">\n<div class=\"wp-block-columns alignwide are-vertically-aligned-center is-layout-flex wp-container-core-columns-is-layout-174606dc wp-block-columns-is-layout-flex\">\n<div class=\"wp-block-column is-vertically-aligned-center is-layout-flow wp-block-column-is-layout-flow\">\n<div class=\"wp-block-group alignwide is-vertical is-layout-flex wp-container-core-group-is-layout-c35747d5 wp-block-group-is-layout-flex\">\n<div class=\"wp-block-group has-global-padding is-layout-constrained wp-container-core-group-is-layout-dd32767c wp-block-group-is-layout-constrained\">\n<h2 class=\"wp-block-heading\">\u00c0 propos de nous<\/h2>\n\n\n\n<p>L\u2019ancien couvent de Bouctouche se pr\u00e9sente comme un \u00e9difice embl\u00e9matique, pleinement inscrit dans le noble h\u00e9ritage des \u00e9tablissements d\u2019enseignement destin\u00e9s aux femmes, dont le rayonnement culturel et soci\u00e9tal a exerc\u00e9 une influence d\u2019une valeur inestimable.<\/p>\n\n\n\n<p>Aujourd\u2019hui, la mission de cet immeuble patrimonial consiste \u00e0 t\u00e9moigner du r\u00f4le colossal jou\u00e9 par les enseignantes religieuses ainsi que par les g\u00e9n\u00e9rations d\u2019anciennes \u00e9l\u00e8ves qui y ont \u00e9t\u00e9 form\u00e9es, tout en offrant au public la d\u00e9couverte d\u2019un joyau de l\u2019architecture acadienne.<\/p>\n\n\n\n<p>Ce lieu de m\u00e9moire et de transmission se veut \u00e9galement un espace d\u2019interpr\u00e9tation privil\u00e9gi\u00e9, mettant en lumi\u00e8re de multiples facettes de l\u2019histoire acadienne et r\u00e9gionale, et contribuant ainsi \u00e0 la compr\u00e9hension et \u00e0 la valorisation d\u2019un h\u00e9ritage collectif d\u2019exception.<\/p>\n\n\n\n<div class=\"wp-block-buttons is-layout-flex wp-block-buttons-is-layout-flex\">\n<div class=\"wp-block-button\"><a class=\"wp-block-button__link wp-element-button\" href=\"https:\/\/museedekent.ca\/a-propos\/\">Notre mission<\/a><\/div>\n<\/div>\n<\/div>\n<\/div>\n<\/div>\n\n\n\n<div class=\"wp-block-column is-vertically-aligned-center is-layout-flow wp-block-column-is-layout-flow\">\n<figure class=\"wp-block-image size-large has-custom-border is-style-ext-preset--image--natural-1--image-1--content-left is-style-ext-preset--image--natural-1--image-1--content-left--6\"><img loading=\"lazy\" decoding=\"async\" width=\"1024\" height=\"768\" src=\"https:\/\/www.museedekent.ca\/wp-content\/uploads\/IMG_4247-1024x768.jpg\" alt=\"\" class=\"wp-image-567\" style=\"border-width:5px;aspect-ratio:4\/3;object-fit:cover\" srcset=\"https:\/\/www.museedekent.ca\/wp-content\/uploads\/IMG_4247-1024x768.jpg 1024w, https:\/\/www.museedekent.ca\/wp-content\/uploads\/IMG_4247-300x225.jpg 300w, https:\/\/www.museedekent.ca\/wp-content\/uploads\/IMG_4247-768x576.jpg 768w, https:\/\/www.museedekent.ca\/wp-content\/uploads\/IMG_4247-16x12.jpg 16w, https:\/\/www.museedekent.ca\/wp-content\/uploads\/IMG_4247.jpg 1200w\" sizes=\"auto, (max-width: 1024px) 100vw, 1024px\" \/><\/figure>\n<\/div>\n<\/div>\n<\/div>\n\n\n\n\n\n<div class=\"wp-block-group alignfull is-style-ext-preset--group--natural-1--section has-background-background-color has-background has-global-padding is-layout-constrained wp-container-core-group-is-layout-300589ff wp-block-group-is-layout-constrained\" style=\"margin-top:0;margin-bottom:0;padding-top:var(--wp--preset--spacing--40);padding-bottom:var(--wp--preset--spacing--40)\">\n<div class=\"wp-block-media-text alignwide has-media-on-the-right is-stacked-on-mobile is-image-fill-element is-style-ext-preset--media-text--natural-1--card-1 is-style-ext-preset--media-text--natural-1--card-1--12\"><div class=\"wp-block-media-text__content\">\n<div class=\"wp-block-group alignwide has-tertiary-background-color has-background is-vertical is-layout-flex wp-container-core-group-is-layout-53474e87 wp-block-group-is-layout-flex\" style=\"padding-top:var(--wp--preset--spacing--60);padding-bottom:var(--wp--preset--spacing--60)\">\n<div class=\"wp-block-group has-global-padding is-layout-constrained wp-container-core-group-is-layout-812d5580 wp-block-group-is-layout-constrained\" style=\"padding-top:0;padding-right:0;padding-bottom:0;padding-left:0\">\n<h2 class=\"wp-block-heading\">D\u00e9couvrez nos expositions<\/h2>\n\n\n\n<p>Plongez-vous dans nos collections diversifi\u00e9es et vivez l&rsquo;esprit artistique et l&rsquo;histoire qui d\u00e9finissent notre r\u00e9gion.<\/p>\n<\/div>\n\n\n\n<div class=\"wp-block-buttons is-layout-flex wp-block-buttons-is-layout-flex\">\n<div class=\"wp-block-button is-style-ext-preset--button--natural-1--button-1 is-style-ext-preset--button--natural-1--button-1--13\"><a class=\"wp-block-button__link wp-element-button\" href=\"https:\/\/museedekent.ca\/expositions\/\">En savoir plus<\/a><\/div>\n<\/div>\n<\/div>\n<\/div><figure class=\"wp-block-media-text__media\"><img loading=\"lazy\" decoding=\"async\" width=\"768\" height=\"1024\" src=\"https:\/\/www.museedekent.ca\/wp-content\/uploads\/IMG_4196-768x1024.jpg\" alt=\"\" class=\"wp-image-594 size-full\" style=\"object-position:50% 50%\" srcset=\"https:\/\/www.museedekent.ca\/wp-content\/uploads\/IMG_4196-768x1024.jpg 768w, https:\/\/www.museedekent.ca\/wp-content\/uploads\/IMG_4196-225x300.jpg 225w, https:\/\/www.museedekent.ca\/wp-content\/uploads\/IMG_4196-9x12.jpg 9w, https:\/\/www.museedekent.ca\/wp-content\/uploads\/IMG_4196.jpg 900w\" sizes=\"auto, (max-width: 768px) 100vw, 768px\" \/><\/figure><\/div>\n<\/div>\n\n\n\n<div class=\"wp-block-group alignfull is-style-ext-preset--group--natural-1--section has-tertiary-background-color has-background has-global-padding is-layout-constrained wp-block-group-is-layout-constrained\" id=\"contact\" style=\"margin-top:0;margin-bottom:0;padding-top:var(--wp--preset--spacing--40);padding-bottom:var(--wp--preset--spacing--40)\">\n<div class=\"wp-block-media-text alignwide has-media-on-the-right is-stacked-on-mobile is-image-fill-element is-style-ext-preset--media-text--natural-1--card-1 has-background-background-color has-background is-style-ext-preset--media-text--natural-1--card-1--15\"><div class=\"wp-block-media-text__content\">\n<div class=\"wp-block-columns is-layout-flex wp-container-core-columns-is-layout-28f84493 wp-block-columns-is-layout-flex\">\n<div class=\"wp-block-column is-layout-flow wp-block-column-is-layout-flow\">\n<div class=\"wp-block-columns is-layout-flex wp-container-core-columns-is-layout-706b8d5c wp-block-columns-is-layout-flex\" style=\"padding-top:var(--wp--preset--spacing--30);padding-right:var(--wp--preset--spacing--40);padding-bottom:var(--wp--preset--spacing--30);padding-left:var(--wp--preset--spacing--40)\">\n<div class=\"wp-block-column is-layout-flow wp-block-column-is-layout-flow\" style=\"flex-basis:100%\">\n<h2 class=\"wp-block-heading\">Contactez-nous<\/h2>\n<\/div>\n<\/div>\n<\/div>\n<\/div>\n\n\n\n<div class=\"wp-block-group alignwide has-global-padding is-layout-constrained wp-container-core-group-is-layout-300c54ab wp-block-group-is-layout-constrained\" style=\"padding-top:0;padding-right:var(--wp--preset--spacing--40);padding-bottom:0;padding-left:var(--wp--preset--spacing--40)\"><style id=\"wpforms-css-vars-730-block-406c62bf-d413-4f54-9e34-6ea96a36e1dd\">\n\t\t\t\t#wpforms-730.wpforms-block-406c62bf-d413-4f54-9e34-6ea96a36e1dd {\n\t\t\t\t--wpforms-label-color: #ffffff;\n--wpforms-label-sublabel-color: #ffffff;\n--wpforms-label-error-color: #ff0000;\n--wpforms-page-break-color: #dddddd;\n--wpforms-field-border-radius: 5px;\n--wpforms-field-background-color: #efefef;\n--wpforms-field-border-color: #cccccc;\n--wpforms-field-border-color-spare: #cccccc;\n--wpforms-field-text-color: #444444;\n--wpforms-button-border-style: solid;\n--wpforms-button-border-radius: 5px;\n--wpforms-button-background-color: #A89F84;\n--wpforms-button-border-color: #cccccc;\n--wpforms-field-size-input-height: 31px;\n--wpforms-field-size-input-spacing: 10px;\n--wpforms-field-size-font-size: 14px;\n--wpforms-field-size-line-height: 17px;\n--wpforms-field-size-padding-h: 9px;\n--wpforms-field-size-checkbox-size: 14px;\n--wpforms-field-size-sublabel-spacing: 5px;\n--wpforms-field-size-icon-size: 0.75;\n--wpforms-label-size-font-size: 18px;\n--wpforms-label-size-line-height: 21px;\n--wpforms-label-size-sublabel-font-size: 16px;\n--wpforms-label-size-sublabel-line-height: 19px;\n--wpforms-button-size-font-size: 17px;\n--wpforms-button-size-height: 41px;\n--wpforms-button-size-padding-h: 15px;\n--wpforms-button-size-margin-top: 10px;\n\t\t\t}\n\t\t\t<\/style><div class=\"wpforms-container wpforms-container-full wpforms-block wpforms-block-406c62bf-d413-4f54-9e34-6ea96a36e1dd wpforms-render-modern\" id=\"wpforms-730\"><form id=\"wpforms-form-730\" class=\"wpforms-validate wpforms-form wpforms-ajax-form\" data-formid=\"730\" method=\"post\" enctype=\"multipart\/form-data\" action=\"\/en\/wp-json\/wp\/v2\/pages\/415\" data-token=\"cc4b59a660da2c3d32a9c7ebc0780f8c\" data-token-time=\"1778676677\"><noscript class=\"wpforms-error-noscript\">Please enable JavaScript in your browser to complete this form.<\/noscript><div id=\"wpforms-error-noscript\" style=\"display: none;\">Please enable JavaScript in your browser to complete this form.<\/div><div class=\"wpforms-field-container\">\t\t<div id=\"wpforms-730-field_3-container\"\n\t\t\tclass=\"wpforms-field wpforms-field-text\"\n\t\t\tdata-field-type=\"text\"\n\t\t\tdata-field-id=\"3\"\n\t\t\t>\n\t\t\t<label class=\"wpforms-field-label\" for=\"wpforms-730-field_3\" >Message Courriel Nom<\/label>\n\t\t\t<input type=\"text\" id=\"wpforms-730-field_3\" class=\"wpforms-field-medium\" name=\"wpforms[fields][3]\" >\n\t\t<\/div>\n\t\t<div id=\"wpforms-730-field_1-container\" class=\"wpforms-field wpforms-field-name\" data-field-id=\"1\"><label class=\"wpforms-field-label\" for=\"wpforms-730-field_1\">Nom <span class=\"wpforms-required-label\" aria-hidden=\"true\">*<\/span><\/label><input type=\"text\" id=\"wpforms-730-field_1\" class=\"wpforms-field-large wpforms-field-required\" name=\"wpforms[fields][1]\" aria-errormessage=\"wpforms-730-field_1-error\" required><\/div><div id=\"wpforms-730-field_2-container\" class=\"wpforms-field wpforms-field-email\" data-field-id=\"2\"><label class=\"wpforms-field-label\" for=\"wpforms-730-field_2\">Courriel <span class=\"wpforms-required-label\" aria-hidden=\"true\">*<\/span><\/label><input type=\"email\" id=\"wpforms-730-field_2\" class=\"wpforms-field-large wpforms-field-required\" name=\"wpforms[fields][2]\" spellcheck=\"false\" aria-errormessage=\"wpforms-730-field_2-error\" required><\/div><div id=\"wpforms-730-field_4-container\" class=\"wpforms-field wpforms-field-textarea\" data-field-id=\"4\"><label class=\"wpforms-field-label\" for=\"wpforms-730-field_4\">Message <span class=\"wpforms-required-label\" aria-hidden=\"true\">*<\/span><\/label><textarea id=\"wpforms-730-field_4\" class=\"wpforms-field-large wpforms-field-required\" name=\"wpforms[fields][4]\" aria-errormessage=\"wpforms-730-field_4-error\" required><\/textarea><\/div><script>\n\t\t\t\t( function() {\n\t\t\t\t\tconst style = document.createElement( 'style' );\n\t\t\t\t\tstyle.appendChild( document.createTextNode( '#wpforms-730-field_3-container { position: absolute !important; overflow: hidden !important; display: inline !important; height: 1px !important; width: 1px !important; z-index: -1000 !important; padding: 0 !important; } #wpforms-730-field_3-container input { visibility: hidden; } #wpforms-conversational-form-page #wpforms-730-field_3-container label { counter-increment: none; }' ) );\n\t\t\t\t\tdocument.head.appendChild( style );\n\t\t\t\t\tdocument.currentScript?.remove();\n\t\t\t\t} )();\n\t\t\t<\/script><\/div><!-- .wpforms-field-container --><div class=\"wpforms-submit-container\" ><input type=\"hidden\" name=\"wpforms[id]\" value=\"730\"><input type=\"hidden\" name=\"page_title\" value=\"\"><input type=\"hidden\" name=\"page_url\" value=\"https:\/\/www.museedekent.ca\/en\/wp-json\/wp\/v2\/pages\/415\"><input type=\"hidden\" name=\"url_referer\" value=\"https:\/\/www.museedekent.ca\/en\/\"><button type=\"submit\" name=\"wpforms[submit]\" id=\"wpforms-submit-730\" class=\"wpforms-submit\" data-alt-text=\".........\" data-submit-text=\"Envoyer\" aria-live=\"assertive\" value=\"wpforms-submit\">Envoyer<\/button><img loading=\"lazy\" decoding=\"async\" src=\"https:\/\/www.museedekent.ca\/wp-content\/plugins\/wpforms-lite\/assets\/images\/submit-spin.svg\" class=\"wpforms-submit-spinner\" style=\"display: none;\" width=\"26\" height=\"26\" alt=\"Loading\"><\/div><\/form><\/div>  <!-- .wpforms-container --><\/div>\n<\/div><figure class=\"wp-block-media-text__media\"><img loading=\"lazy\" decoding=\"async\" width=\"768\" height=\"1024\" src=\"https:\/\/www.museedekent.ca\/wp-content\/uploads\/IMG_4176-768x1024.jpg\" alt=\"\" class=\"wp-image-591 size-large\" style=\"object-position:50% 50%\" srcset=\"https:\/\/www.museedekent.ca\/wp-content\/uploads\/IMG_4176-768x1024.jpg 768w, https:\/\/www.museedekent.ca\/wp-content\/uploads\/IMG_4176-225x300.jpg 225w, https:\/\/www.museedekent.ca\/wp-content\/uploads\/IMG_4176-9x12.jpg 9w, https:\/\/www.museedekent.ca\/wp-content\/uploads\/IMG_4176.jpg 900w\" sizes=\"auto, (max-width: 768px) 100vw, 768px\" \/><\/figure><\/div>\n<\/div>\n\n\n\n<div class=\"wp-block-group alignfull is-style-ext-preset--group--natural-1--section has-background-background-color has-background has-global-padding is-layout-constrained wp-container-core-group-is-layout-759d006a wp-block-group-is-layout-constrained\" id=\"gallery\" style=\"margin-top:0;margin-bottom:0;padding-top:var(--wp--preset--spacing--40);padding-bottom:var(--wp--preset--spacing--40)\">\n<div class=\"wp-block-columns alignwide is-layout-flex wp-container-core-columns-is-layout-87beb0d0 wp-block-columns-is-layout-flex\">\n<div class=\"wp-block-column is-vertically-aligned-stretch is-layout-flow wp-container-core-column-is-layout-f5bb311e wp-block-column-is-layout-flow\" style=\"flex-basis:50%\">\n<div class=\"wp-block-cover is-style-ext-preset--image--natural-1--image-1--content-top is-style-ext-preset--image--natural-1--image-1--content-top--17\" style=\"padding-top:0;padding-bottom:0;min-height:100%;aspect-ratio:unset;\"><img loading=\"lazy\" decoding=\"async\" width=\"768\" height=\"1024\" class=\"wp-block-cover__image-background wp-image-596 size-large\" alt=\"\" src=\"https:\/\/www.museedekent.ca\/wp-content\/uploads\/IMG_4209-768x1024.jpg\" data-object-fit=\"cover\" srcset=\"https:\/\/www.museedekent.ca\/wp-content\/uploads\/IMG_4209-768x1024.jpg 768w, https:\/\/www.museedekent.ca\/wp-content\/uploads\/IMG_4209-225x300.jpg 225w, https:\/\/www.museedekent.ca\/wp-content\/uploads\/IMG_4209-9x12.jpg 9w, https:\/\/www.museedekent.ca\/wp-content\/uploads\/IMG_4209.jpg 900w\" sizes=\"auto, (max-width: 768px) 100vw, 768px\" \/><span aria-hidden=\"true\" class=\"wp-block-cover__background has-background-dim-0 has-background-dim\" style=\"background-color:#827c76\"><\/span><div class=\"wp-block-cover__inner-container is-layout-flow wp-block-cover-is-layout-flow\">\n<div style=\"height:240px\" aria-hidden=\"true\" class=\"wp-block-spacer\"><\/div>\n<\/div><\/div>\n<\/div>\n\n\n\n<div class=\"wp-block-column is-vertically-aligned-top is-layout-flow wp-container-core-column-is-layout-f5bb311e wp-block-column-is-layout-flow\">\n<figure class=\"wp-block-image size-large is-style-ext-preset--image--natural-1--image-1--content-top is-style-ext-preset--image--natural-1--image-1--content-top--18\"><img loading=\"lazy\" decoding=\"async\" width=\"1024\" height=\"683\" src=\"https:\/\/www.museedekent.ca\/wp-content\/uploads\/IMG_4329-1024x683.jpg\" alt=\"\" class=\"wp-image-574\" style=\"aspect-ratio:1;object-fit:cover\" srcset=\"https:\/\/www.museedekent.ca\/wp-content\/uploads\/IMG_4329-1024x683.jpg 1024w, https:\/\/www.museedekent.ca\/wp-content\/uploads\/IMG_4329-300x200.jpg 300w, https:\/\/www.museedekent.ca\/wp-content\/uploads\/IMG_4329-768x512.jpg 768w, https:\/\/www.museedekent.ca\/wp-content\/uploads\/IMG_4329-18x12.jpg 18w, https:\/\/www.museedekent.ca\/wp-content\/uploads\/IMG_4329.jpg 1200w\" sizes=\"auto, (max-width: 1024px) 100vw, 1024px\" \/><\/figure>\n\n\n\n<figure class=\"wp-block-image size-large is-style-ext-preset--image--natural-1--image-1--content-top is-style-ext-preset--image--natural-1--image-1--content-top--19\"><img loading=\"lazy\" decoding=\"async\" width=\"1024\" height=\"683\" src=\"https:\/\/www.museedekent.ca\/wp-content\/uploads\/IMG_4272-1024x683.jpg\" alt=\"\" class=\"wp-image-569\" style=\"aspect-ratio:1;object-fit:cover\" srcset=\"https:\/\/www.museedekent.ca\/wp-content\/uploads\/IMG_4272-1024x683.jpg 1024w, https:\/\/www.museedekent.ca\/wp-content\/uploads\/IMG_4272-300x200.jpg 300w, https:\/\/www.museedekent.ca\/wp-content\/uploads\/IMG_4272-768x512.jpg 768w, https:\/\/www.museedekent.ca\/wp-content\/uploads\/IMG_4272-18x12.jpg 18w, https:\/\/www.museedekent.ca\/wp-content\/uploads\/IMG_4272.jpg 1200w\" sizes=\"auto, (max-width: 1024px) 100vw, 1024px\" \/><\/figure>\n<\/div>\n\n\n\n<div class=\"wp-block-column is-vertically-aligned-top is-layout-flow wp-container-core-column-is-layout-f5bb311e wp-block-column-is-layout-flow\">\n<figure class=\"wp-block-image size-large is-style-ext-preset--image--natural-1--image-1--content-top is-style-ext-preset--image--natural-1--image-1--content-top--20\"><img loading=\"lazy\" decoding=\"async\" width=\"1024\" height=\"768\" src=\"https:\/\/www.museedekent.ca\/wp-content\/uploads\/IMG_4214-1024x768.jpg\" alt=\"\" class=\"wp-image-562\" style=\"aspect-ratio:1;object-fit:cover\" srcset=\"https:\/\/www.museedekent.ca\/wp-content\/uploads\/IMG_4214-1024x768.jpg 1024w, https:\/\/www.museedekent.ca\/wp-content\/uploads\/IMG_4214-300x225.jpg 300w, https:\/\/www.museedekent.ca\/wp-content\/uploads\/IMG_4214-768x576.jpg 768w, https:\/\/www.museedekent.ca\/wp-content\/uploads\/IMG_4214-16x12.jpg 16w, https:\/\/www.museedekent.ca\/wp-content\/uploads\/IMG_4214.jpg 1200w\" sizes=\"auto, (max-width: 1024px) 100vw, 1024px\" \/><\/figure>\n\n\n\n<figure class=\"wp-block-image size-large is-style-ext-preset--image--natural-1--image-1--content-top is-style-ext-preset--image--natural-1--image-1--content-top--21\"><img loading=\"lazy\" decoding=\"async\" width=\"768\" height=\"1024\" src=\"https:\/\/www.museedekent.ca\/wp-content\/uploads\/IMG_4099-768x1024.jpg\" alt=\"\" class=\"wp-image-585\" style=\"aspect-ratio:1;object-fit:cover\" srcset=\"https:\/\/www.museedekent.ca\/wp-content\/uploads\/IMG_4099-768x1024.jpg 768w, https:\/\/www.museedekent.ca\/wp-content\/uploads\/IMG_4099-225x300.jpg 225w, https:\/\/www.museedekent.ca\/wp-content\/uploads\/IMG_4099-9x12.jpg 9w, https:\/\/www.museedekent.ca\/wp-content\/uploads\/IMG_4099.jpg 900w\" sizes=\"auto, (max-width: 768px) 100vw, 768px\" \/><\/figure>\n<\/div>\n<\/div>\n<\/div>\n","protected":false},"excerpt":{"rendered":"<p>T\u00e9moignage du patrimoine acadien Plongez-vous dans la riche histoire et la remarquable beaut\u00e9 de cet ancien couvent, o\u00f9 des visites guid\u00e9es donnent vie aux histoires de ceux qui ont appris et enseign\u00e9 au sein de ces murs historiques. \u00c0 propos de nous L\u2019ancien couvent de Bouctouche se pr\u00e9sente comme un \u00e9difice embl\u00e9matique, pleinement inscrit dans [&hellip;]<\/p>\n","protected":false},"author":1,"featured_media":0,"parent":0,"menu_order":0,"comment_status":"closed","ping_status":"closed","template":"no-title","meta":{"footnotes":""},"class_list":["post-415","page","type-page","status-publish","hentry"],"aioseo_notices":[],"_links":{"self":[{"href":"https:\/\/www.museedekent.ca\/en\/wp-json\/wp\/v2\/pages\/415","targetHints":{"allow":["GET"]}}],"collection":[{"href":"https:\/\/www.museedekent.ca\/en\/wp-json\/wp\/v2\/pages"}],"about":[{"href":"https:\/\/www.museedekent.ca\/en\/wp-json\/wp\/v2\/types\/page"}],"author":[{"embeddable":true,"href":"https:\/\/www.museedekent.ca\/en\/wp-json\/wp\/v2\/users\/1"}],"replies":[{"embeddable":true,"href":"https:\/\/www.museedekent.ca\/en\/wp-json\/wp\/v2\/comments?post=415"}],"version-history":[{"count":78,"href":"https:\/\/www.museedekent.ca\/en\/wp-json\/wp\/v2\/pages\/415\/revisions"}],"predecessor-version":[{"id":1206,"href":"https:\/\/www.museedekent.ca\/en\/wp-json\/wp\/v2\/pages\/415\/revisions\/1206"}],"wp:attachment":[{"href":"https:\/\/www.museedekent.ca\/en\/wp-json\/wp\/v2\/media?parent=415"}],"curies":[{"name":"wp","href":"https:\/\/api.w.org\/{rel}","templated":true}]}}