{"id":488,"date":"2026-02-01T01:48:47","date_gmt":"2026-02-01T05:48:47","guid":{"rendered":"https:\/\/www.museedekent.ca\/?page_id=488"},"modified":"2026-03-07T05:06:25","modified_gmt":"2026-03-07T09:06:25","slug":"nouvelles","status":"publish","type":"page","link":"https:\/\/www.museedekent.ca\/en\/nouvelles\/","title":{"rendered":"News"},"content":{"rendered":"<div class=\"wp-block-group alignfull is-style-ext-preset--group--natural-1--section has-background-background-color has-background has-global-padding is-layout-constrained wp-container-core-group-is-layout-300589ff wp-block-group-is-layout-constrained\" style=\"margin-top:0;margin-bottom:0;padding-top:var(--wp--preset--spacing--40);padding-bottom:var(--wp--preset--spacing--40)\">\n<div data-wp-context=\"{}\" data-wp-interactive=\"core\/query\" data-wp-key=\"10\" data-wp-router-region=\"query-10\" class=\"wp-block-query alignwide has-global-padding is-layout-constrained wp-container-core-query-is-layout-f1ba3e7e wp-block-query-is-layout-constrained\"><ul class=\"wp-block-post-template is-layout-flow wp-block-post-template-is-layout-flow\"><li data-wp-key=\"post-template-item-534\" class=\"wp-block-post post-534 post type-post status-publish format-standard has-post-thumbnail hentry category-uncategorized\">\n\n<div class=\"wp-block-media-text is-stacked-on-mobile is-image-fill-element is-style-ext-preset--media-text--natural-1--card-1 has-tertiary-background-color has-background is-style-ext-preset--media-text--natural-1--card-1--2\" style=\"grid-template-columns:33% auto\"><figure  class=\"wp-block-media-text__media\"><img loading=\"lazy\" decoding=\"async\" width=\"2048\" height=\"1536\" alt=\"\" src=\"https:\/\/www.museedekent.ca\/wp-content\/uploads\/Crowning-and-Feast-of-the-Immaculate-Conception-2026.jpg\" style=\"object-position:50% 50%;\" class=\"wp-image-821 size-full\" srcset=\"https:\/\/www.museedekent.ca\/wp-content\/uploads\/Crowning-and-Feast-of-the-Immaculate-Conception-2026.jpg 2048w, https:\/\/www.museedekent.ca\/wp-content\/uploads\/Crowning-and-Feast-of-the-Immaculate-Conception-2026-300x225.jpg 300w, https:\/\/www.museedekent.ca\/wp-content\/uploads\/Crowning-and-Feast-of-the-Immaculate-Conception-2026-1024x768.jpg 1024w, https:\/\/www.museedekent.ca\/wp-content\/uploads\/Crowning-and-Feast-of-the-Immaculate-Conception-2026-768x576.jpg 768w, https:\/\/www.museedekent.ca\/wp-content\/uploads\/Crowning-and-Feast-of-the-Immaculate-Conception-2026-1536x1152.jpg 1536w, https:\/\/www.museedekent.ca\/wp-content\/uploads\/Crowning-and-Feast-of-the-Immaculate-Conception-2026-16x12.jpg 16w\" sizes=\"auto, (max-width: 2048px) 100vw, 2048px\" \/><\/figure><div class=\"wp-block-media-text__content\">\n<div class=\"wp-block-group is-style-default is-layout-flow wp-block-group-is-layout-flow\"><h3 style=\"font-size:clamp(0.984rem, 0.984rem + ((1vw - 0.2rem) * 0.86), 1.5rem); margin-bottom:8px;margin-top:12px;\" class=\"wp-block-post-title\"><a href=\"https:\/\/www.museedekent.ca\/en\/couronnement-immaculee-conception-2026\/\" target=\"_self\" >Crowning and Feast of the Immaculate Conception<\/a><\/h3>\n\n<div style=\"margin-top:8px;margin-bottom:0;\" class=\"wp-block-post-excerpt has-small-font-size\"><p class=\"wp-block-post-excerpt__excerpt\">Crowning and Feast of the Immaculate Conception, December 8, 2025. In the former Bouctouche convent, which has borne this name since its founding, this patronal feast has been observed with devotion since 1881. Faithful...<\/p><p class=\"wp-block-post-excerpt__more-text\"><a class=\"wp-block-post-excerpt__more-link\" href=\"https:\/\/www.museedekent.ca\/en\/couronnement-immaculee-conception-2026\/\"><strong>Read More...<\/strong><\/a><\/p><\/div>\n\n\n<div class=\"wp-block-group is-nowrap is-layout-flex wp-container-core-group-is-layout-3d15ce75 wp-block-group-is-layout-flex\" style=\"margin-top:24px;padding-top:0;padding-right:0;padding-bottom:0;padding-left:0\"><div style=\"font-size:14px;text-transform:lowercase;\" class=\"wp-block-post-date\"><time datetime=\"2025-12-08T00:14:22-04:00\">5 months ago<\/time><\/div><\/div>\n<\/div>\n<\/div><\/div>\n\n<\/li><li data-wp-key=\"post-template-item-823\" class=\"wp-block-post post-823 post type-post status-publish format-standard has-post-thumbnail hentry category-uncategorized\">\n\n<div class=\"wp-block-media-text is-stacked-on-mobile is-image-fill-element is-style-ext-preset--media-text--natural-1--card-1 has-tertiary-background-color has-background is-style-ext-preset--media-text--natural-1--card-1--4\" style=\"grid-template-columns:33% auto\"><figure  class=\"wp-block-media-text__media\"><img loading=\"lazy\" decoding=\"async\" width=\"1175\" height=\"807\" alt=\"\" src=\"https:\/\/www.museedekent.ca\/wp-content\/uploads\/International-Day-of-La-Francophonie-2026.jpg\" style=\"object-position:50% 50%;\" class=\"wp-image-824 size-full\" srcset=\"https:\/\/www.museedekent.ca\/wp-content\/uploads\/International-Day-of-La-Francophonie-2026.jpg 1175w, https:\/\/www.museedekent.ca\/wp-content\/uploads\/International-Day-of-La-Francophonie-2026-300x206.jpg 300w, https:\/\/www.museedekent.ca\/wp-content\/uploads\/International-Day-of-La-Francophonie-2026-1024x703.jpg 1024w, https:\/\/www.museedekent.ca\/wp-content\/uploads\/International-Day-of-La-Francophonie-2026-768x527.jpg 768w, https:\/\/www.museedekent.ca\/wp-content\/uploads\/International-Day-of-La-Francophonie-2026-18x12.jpg 18w\" sizes=\"auto, (max-width: 1175px) 100vw, 1175px\" \/><\/figure><div class=\"wp-block-media-text__content\">\n<div class=\"wp-block-group is-style-default is-layout-flow wp-block-group-is-layout-flow\"><h3 style=\"font-size:clamp(0.984rem, 0.984rem + ((1vw - 0.2rem) * 0.86), 1.5rem); margin-bottom:8px;margin-top:12px;\" class=\"wp-block-post-title\"><a href=\"https:\/\/www.museedekent.ca\/en\/journee-internationale-de-la-francophonie-2025\/\" target=\"_self\" >International Day of La Francophonie<\/a><\/h3>\n\n<div style=\"margin-top:8px;margin-bottom:0;\" class=\"wp-block-post-excerpt has-small-font-size\"><p class=\"wp-block-post-excerpt__excerpt\">En ce 20 mars 2025, Journ\u00e9e internationale de la Francophonie, un glas solennel a retenti en m\u00e9moire de l&rsquo;illustre Antonine Maillet. Devant l&rsquo;\u00e9glise, un public nombreux, parmi lequel les \u00e9l\u00e8ves des \u00e9coles&hellip;<\/p><p class=\"wp-block-post-excerpt__more-text\"><a class=\"wp-block-post-excerpt__more-link\" href=\"https:\/\/www.museedekent.ca\/en\/journee-internationale-de-la-francophonie-2025\/\"><strong>Read More...<\/strong><\/a><\/p><\/div>\n\n\n<div class=\"wp-block-group is-nowrap is-layout-flex wp-container-core-group-is-layout-3d15ce75 wp-block-group-is-layout-flex\" style=\"margin-top:24px;padding-top:0;padding-right:0;padding-bottom:0;padding-left:0\"><div style=\"font-size:14px;text-transform:lowercase;\" class=\"wp-block-post-date\"><time datetime=\"2025-03-22T04:53:11-03:00\">1 year ago<\/time><\/div><\/div>\n<\/div>\n<\/div><\/div>\n\n<\/li><li data-wp-key=\"post-template-item-829\" class=\"wp-block-post post-829 post type-post status-publish format-standard has-post-thumbnail hentry category-uncategorized\">\n\n<div class=\"wp-block-media-text is-stacked-on-mobile is-image-fill-element is-style-ext-preset--media-text--natural-1--card-1 has-tertiary-background-color has-background is-style-ext-preset--media-text--natural-1--card-1--6\" style=\"grid-template-columns:33% auto\"><figure  class=\"wp-block-media-text__media\"><img loading=\"lazy\" decoding=\"async\" width=\"928\" height=\"848\" alt=\"\" src=\"https:\/\/www.museedekent.ca\/wp-content\/uploads\/Words-of-Antonine-Maillet.jpg\" style=\"object-position:50% 50%;\" class=\"wp-image-830 size-full\" srcset=\"https:\/\/www.museedekent.ca\/wp-content\/uploads\/Words-of-Antonine-Maillet.jpg 928w, https:\/\/www.museedekent.ca\/wp-content\/uploads\/Words-of-Antonine-Maillet-300x274.jpg 300w, https:\/\/www.museedekent.ca\/wp-content\/uploads\/Words-of-Antonine-Maillet-768x702.jpg 768w, https:\/\/www.museedekent.ca\/wp-content\/uploads\/Words-of-Antonine-Maillet-13x12.jpg 13w\" sizes=\"auto, (max-width: 928px) 100vw, 928px\" \/><\/figure><div class=\"wp-block-media-text__content\">\n<div class=\"wp-block-group is-style-default is-layout-flow wp-block-group-is-layout-flow\"><h3 style=\"font-size:clamp(0.984rem, 0.984rem + ((1vw - 0.2rem) * 0.86), 1.5rem); margin-bottom:8px;margin-top:12px;\" class=\"wp-block-post-title\"><a href=\"https:\/\/www.museedekent.ca\/en\/paroles-antonine-maillet-2025\/\" target=\"_self\" >Words of Antonine Maillet<\/a><\/h3>\n\n<div style=\"margin-top:8px;margin-bottom:0;\" class=\"wp-block-post-excerpt has-small-font-size\"><p class=\"wp-block-post-excerpt__excerpt\">Words of Antonine Maillet during the centenary of the Convent of the Immaculate Conception, on July 12, 1980 \"I write plays because I attended all the performances given at the Bouctouche...<\/p><p class=\"wp-block-post-excerpt__more-text\"><a class=\"wp-block-post-excerpt__more-link\" href=\"https:\/\/www.museedekent.ca\/en\/paroles-antonine-maillet-2025\/\"><strong>Read More...<\/strong><\/a><\/p><\/div>\n\n\n<div class=\"wp-block-group is-nowrap is-layout-flex wp-container-core-group-is-layout-3d15ce75 wp-block-group-is-layout-flex\" style=\"margin-top:24px;padding-top:0;padding-right:0;padding-bottom:0;padding-left:0\"><div style=\"font-size:14px;text-transform:lowercase;\" class=\"wp-block-post-date\"><time datetime=\"2025-02-25T03:05:00-04:00\">1 year ago<\/time><\/div><\/div>\n<\/div>\n<\/div><\/div>\n\n<\/li><\/ul>\n\n<\/div>\n\n\n\n<div class=\"wp-block-buttons alignwide is-content-justification-center is-layout-flex wp-container-core-buttons-is-layout-a89b3969 wp-block-buttons-is-layout-flex\">\n<div class=\"wp-block-button is-style-ext-preset--button--natural-1--button-1 is-style-ext-preset--button--natural-1--button-1--8\"><a class=\"wp-block-button__link wp-element-button\" href=\"#extendify-blog\">View All<\/a><\/div>\n<\/div>\n<\/div>","protected":false},"excerpt":{"rendered":"","protected":false},"author":1,"featured_media":0,"parent":0,"menu_order":0,"comment_status":"closed","ping_status":"closed","template":"page-with-title","meta":{"footnotes":""},"class_list":["post-488","page","type-page","status-publish","hentry"],"aioseo_notices":[],"_links":{"self":[{"href":"https:\/\/www.museedekent.ca\/en\/wp-json\/wp\/v2\/pages\/488","targetHints":{"allow":["GET"]}}],"collection":[{"href":"https:\/\/www.museedekent.ca\/en\/wp-json\/wp\/v2\/pages"}],"about":[{"href":"https:\/\/www.museedekent.ca\/en\/wp-json\/wp\/v2\/types\/page"}],"author":[{"embeddable":true,"href":"https:\/\/www.museedekent.ca\/en\/wp-json\/wp\/v2\/users\/1"}],"replies":[{"embeddable":true,"href":"https:\/\/www.museedekent.ca\/en\/wp-json\/wp\/v2\/comments?post=488"}],"version-history":[{"count":8,"href":"https:\/\/www.museedekent.ca\/en\/wp-json\/wp\/v2\/pages\/488\/revisions"}],"predecessor-version":[{"id":1028,"href":"https:\/\/www.museedekent.ca\/en\/wp-json\/wp\/v2\/pages\/488\/revisions\/1028"}],"wp:attachment":[{"href":"https:\/\/www.museedekent.ca\/en\/wp-json\/wp\/v2\/media?parent=488"}],"curies":[{"name":"wp","href":"https:\/\/api.w.org\/{rel}","templated":true}]}}