{"id":917,"date":"2026-03-05T01:35:31","date_gmt":"2026-03-05T05:35:31","guid":{"rendered":"https:\/\/www.museedekent.ca\/?page_id=917"},"modified":"2026-03-20T19:15:03","modified_gmt":"2026-03-20T22:15:03","slug":"donner","status":"publish","type":"page","link":"https:\/\/www.museedekent.ca\/en\/donner\/","title":{"rendered":"Donate"},"content":{"rendered":"<h2 class=\"wp-block-heading has-text-align-center\" style=\"padding-top:var(--wp--preset--spacing--50);padding-bottom:0\">Make a Donation<\/h2>\n\n\n\n<p class=\"has-text-align-center\">Every donation helps keep our doors open and our exhibits thriving. Your generosity supports daily operations, building maintenance, and the preservation of the collections we're proud to share with our community. Thank you for helping us continue this mission.<\/p>\n\n\n\n<div class=\"wp-block-buttons is-content-justification-center is-layout-flex wp-container-core-buttons-is-layout-a89b3969 wp-block-buttons-is-layout-flex\">\n<div class=\"wp-block-button\"><a class=\"wp-block-button__link has-text-align-center wp-element-button\" href=\"https:\/\/square.link\/u\/FcPJroYt\" target=\"_blank\" rel=\"noreferrer noopener\">Donate with Square<\/a><\/div>\n<\/div>\n\n\n\n<p><br><br><br><br><br><br><\/p>","protected":false},"excerpt":{"rendered":"<p>Faire un don Chaque don contribue \u00e0 garder nos portes ouvertes et nos expositions vivantes. Votre g\u00e9n\u00e9rosit\u00e9 soutient les op\u00e9rations quotidiennes, l&rsquo;entretien du b\u00e2timent et la pr\u00e9servation des collections que nous sommes fiers de partager avec notre communaut\u00e9. Merci de nous aider \u00e0 poursuivre cette mission.<\/p>","protected":false},"author":1,"featured_media":0,"parent":0,"menu_order":0,"comment_status":"closed","ping_status":"closed","template":"page-with-title","meta":{"footnotes":""},"class_list":["post-917","page","type-page","status-publish","hentry"],"aioseo_notices":[],"_links":{"self":[{"href":"https:\/\/www.museedekent.ca\/en\/wp-json\/wp\/v2\/pages\/917","targetHints":{"allow":["GET"]}}],"collection":[{"href":"https:\/\/www.museedekent.ca\/en\/wp-json\/wp\/v2\/pages"}],"about":[{"href":"https:\/\/www.museedekent.ca\/en\/wp-json\/wp\/v2\/types\/page"}],"author":[{"embeddable":true,"href":"https:\/\/www.museedekent.ca\/en\/wp-json\/wp\/v2\/users\/1"}],"replies":[{"embeddable":true,"href":"https:\/\/www.museedekent.ca\/en\/wp-json\/wp\/v2\/comments?post=917"}],"version-history":[{"count":13,"href":"https:\/\/www.museedekent.ca\/en\/wp-json\/wp\/v2\/pages\/917\/revisions"}],"predecessor-version":[{"id":1209,"href":"https:\/\/www.museedekent.ca\/en\/wp-json\/wp\/v2\/pages\/917\/revisions\/1209"}],"wp:attachment":[{"href":"https:\/\/www.museedekent.ca\/en\/wp-json\/wp\/v2\/media?parent=917"}],"curies":[{"name":"wp","href":"https:\/\/api.w.org\/{rel}","templated":true}]}}